{"id":3052,"date":"2016-12-20T21:02:34","date_gmt":"2016-12-20T21:02:34","guid":{"rendered":"https:\/\/tilosamericas.com\/?page_id=3052\/"},"modified":"2016-12-22T02:17:29","modified_gmt":"2016-12-22T02:17:29","slug":"support-spanish","status":"publish","type":"page","link":"https:\/\/tilosamericas.com\/es\/support-spanish\/","title":{"rendered":"Support &#8211; spanish"},"content":{"rendered":"<div id='full_slider_1'  class='avia-fullwidth-slider main_color avia-shadow   avia-builder-el-0  el_before_av_two_third  avia-builder-el-first   container_wrap sidebar_right'  >\n<style type=\"text\/css\" data-created_by=\"avia_inline_auto\" id=\"style-css-av-av_slideshow_full-071fb7913eeee76b3207232edfa9da98\">\n#top #wrap_all .avia-slideshow .av-slideshow-caption.av-av_slideshow_full-071fb7913eeee76b3207232edfa9da98__0 .avia-caption-title{\nfont-size:21px;\ncolor:#ededed;\n}\n<\/style>\n<div  class='avia-slideshow av-av_slideshow_full-071fb7913eeee76b3207232edfa9da98 avia-slideshow-featured_large av_slideshow_full avia-slide-slider av-slideshow-ui av-control-default av-slideshow-manual av-loop-once av-loop-manual-endless av-default-height-applied   avia-slideshow-1' data-slideshow-options=\"{&quot;animation&quot;:&quot;slide&quot;,&quot;autoplay&quot;:false,&quot;loop_autoplay&quot;:&quot;once&quot;,&quot;interval&quot;:5,&quot;loop_manual&quot;:&quot;manual-endless&quot;,&quot;autoplay_stopper&quot;:false,&quot;noNavigation&quot;:false,&quot;bg_slider&quot;:false,&quot;keep_padding&quot;:false,&quot;hoverpause&quot;:false,&quot;show_slide_delay&quot;:0}\"  itemprop=\"image\" itemscope=\"itemscope\" itemtype=\"https:\/\/schema.org\/ImageObject\" ><ul class='avia-slideshow-inner ' style='padding-bottom: 42.038834951456%;'><li  class='avia-slideshow-slide av-av_slideshow_full-071fb7913eeee76b3207232edfa9da98__0  av-single-slide slide-1 slide-odd'><div data-rel='slideshow-1' class='avia-slide-wrap '   ><div class='av-slideshow-caption av-av_slideshow_full-071fb7913eeee76b3207232edfa9da98__0 caption_fullwidth caption_right caption_right_framed caption_framed'><div class=\"container caption_container\"><div class=\"slideshow_caption\"><div class=\"slideshow_inner_caption\"><div class=\"slideshow_align_caption\"><h2 class='avia-caption-title '  itemprop=\"name\" >Soporte de TILOS:<\/h2><br\/><a href='https:\/\/tilosamericas.com\/es\/version-de-prueba-de-tilos\/'  class='avia-slideshow-button avia-button avia-color-theme-color ' data-duration='800' data-easing='easeInOutQuad'>Solicite una demostraci\u00f3n en vivo, y la versi\u00f3n de prueba de TILOS.<\/a><\/div><\/div><\/div><\/div><\/div><img decoding=\"async\" fetchpriority=\"high\" class=\"wp-image-3273 avia-img-lazy-loading-not-3273\"  src=\"https:\/\/tilosamericas.com\/wp-content\/uploads\/support.jpg\" width=\"1030\" height=\"433\" title='support' alt=''  itemprop=\"thumbnailUrl\" srcset=\"https:\/\/tilosamericas.com\/wp-content\/uploads\/support.jpg 1030w, https:\/\/tilosamericas.com\/wp-content\/uploads\/support-300x126.jpg 300w, https:\/\/tilosamericas.com\/wp-content\/uploads\/support-768x323.jpg 768w, https:\/\/tilosamericas.com\/wp-content\/uploads\/support-705x296.jpg 705w, https:\/\/tilosamericas.com\/wp-content\/uploads\/support-450x189.jpg 450w\" sizes=\"(max-width: 1030px) 100vw, 1030px\" \/><\/div><\/li><\/ul><\/div><\/div><div id='after_full_slider_1'  class='main_color av_default_container_wrap container_wrap sidebar_right'  ><div class='container av-section-cont-open' ><div class='template-page content  av-content-small alpha units'><div class='post-entry post-entry-type-page post-entry-3052'><div class='entry-content-wrapper clearfix'>\n\n<style type=\"text\/css\" data-created_by=\"avia_inline_auto\" id=\"style-css-av-av_two_third-6126cab7d8fab8d08143dd2dacdf673c\">\n.flex_column.av-av_two_third-6126cab7d8fab8d08143dd2dacdf673c{\nborder-radius:0px 0px 0px 0px;\npadding:0px 0px 0px 0px;\n}\n<\/style>\n<div  class='flex_column av-av_two_third-6126cab7d8fab8d08143dd2dacdf673c av_two_third  avia-builder-el-1  el_after_av_slideshow_full  el_before_av_one_third  avia-builder-el-first  first flex_column_div av-zero-column-padding  '     ><section  class='av_textblock_section av-av_textblock-0366cc7376be6c9e82a3e9cc8987b64f '   itemscope=\"itemscope\" itemtype=\"https:\/\/schema.org\/CreativeWork\" ><div class='avia_textblock'  itemprop=\"text\" ><h1><span style=\"font-weight: 400;\">Soporte de TILOS:<\/span><\/h1>\n<p><span style=\"font-weight: 400;\">Por favor llame al tel\u00e9fono: <\/span><span style=\"font-weight: 400;\">+1 800 983 2826 ext. 102<\/span><span style=\"font-weight: 400;\"> para apoyar con el uso de TILOS.<\/span><\/p>\n<p><span style=\"font-weight: 400;\">O, por favor rellene el siguiente formulario con su informaci\u00f3n de contacto y una descripci\u00f3n del problema que est\u00e1 experimentando.<\/span><\/p>\n<p><span style=\"font-weight: 400;\">Una vez que haga clic en el bot\u00f3n Enviar, su billete de soporte ser\u00e1 creado y varias partes seran notificadas.<\/span><\/p>\n<p><span style=\"font-weight: 400;\">A partir de ese punto, podemos configurar una llamada de tel\u00e9fono o acceso a escritorio remoto para ayudarle a solucionar su problema y proporcionar el mejor servicio posible.<\/span><\/p>\n<p><iframe loading=\"lazy\" id=\"deskForm\" style=\"width: 100%; height: 900px;\" src=\"https:\/\/petroglyph.desk.com\/customer\/widget\/emails\/new\" width=\"300\" height=\"150\" scrolling=\"no\"><\/iframe><\/p>\n<h1><\/h1>\n<h2><\/h2>\n<\/div><\/section><\/div>\n<style type=\"text\/css\" data-created_by=\"avia_inline_auto\" id=\"style-css-av-av_one_third-0aa7055fe62c3622faec82866afbaeb2\">\n.flex_column.av-av_one_third-0aa7055fe62c3622faec82866afbaeb2{\nborder-radius:0px 0px 0px 0px;\npadding:0px 0px 0px 0px;\n}\n<\/style>\n<div  class='flex_column av-av_one_third-0aa7055fe62c3622faec82866afbaeb2 av_one_third  avia-builder-el-3  el_after_av_two_third  avia-builder-el-last  flex_column_div av-zero-column-padding  '     ><section  class='av_textblock_section av-av_textblock-0366cc7376be6c9e82a3e9cc8987b64f '   itemscope=\"itemscope\" itemtype=\"https:\/\/schema.org\/CreativeWork\" ><div class='avia_textblock'  itemprop=\"text\" ><p><strong>Usted tambi\u00e9n podr\u00eda estar interesado en:<\/strong><\/p>\n<p><a href=\"https:\/\/tilosamericas.com\/wp-content\/uploads\/Tilos9Installation-ProgramandDatafoldersfinal.docx.pdf\">9: Instalaci\u00f3n de Tilos &#8211; programa- und carpetas de datos\u00a0<\/a><\/p>\n<p><a href=\"https:\/\/tilosamericas.com\/wp-content\/uploads\/Tilos9licensing-generaloverviewforusersandadministratorsfinal.docx.pdf\">TILOS 9 &#8211; Esquema de licencias para usuarios y administradores<\/a><\/p>\n<p><a href=\"https:\/\/tilosamericas.com\/wp-content\/uploads\/Tilos9Upgradingthelicencefinal.docx.pdf\">Licencia Tilos 9 \u2013 actualizaci.\u00f3n de licencias<\/a><\/p>\n<\/div><\/section><\/div><\/p>\n","protected":false},"excerpt":{"rendered":"","protected":false},"author":3,"featured_media":0,"parent":0,"menu_order":0,"comment_status":"closed","ping_status":"closed","template":"","meta":{"footnotes":""},"class_list":["post-3052","page","type-page","status-publish","hentry"],"yoast_head":"<!-- This site is optimized with the Yoast SEO plugin v27.3 - https:\/\/yoast.com\/product\/yoast-seo-wordpress\/ -->\n<title>Support - spanish - Tilos Americas<\/title>\n<meta name=\"robots\" content=\"index, follow, max-snippet:-1, max-image-preview:large, max-video-preview:-1\" \/>\n<link rel=\"canonical\" href=\"https:\/\/tilosamericas.com\/es\/support-spanish\/\" \/>\n<meta property=\"og:locale\" content=\"es_ES\" \/>\n<meta property=\"og:type\" content=\"article\" \/>\n<meta property=\"og:title\" content=\"Support - spanish - Tilos Americas\" \/>\n<meta property=\"og:url\" content=\"https:\/\/tilosamericas.com\/es\/support-spanish\/\" \/>\n<meta property=\"og:site_name\" content=\"Tilos Americas\" \/>\n<meta property=\"article:modified_time\" content=\"2016-12-22T02:17:29+00:00\" \/>\n<meta name=\"twitter:card\" content=\"summary_large_image\" \/>\n<meta name=\"twitter:label1\" content=\"Tiempo de lectura\" \/>\n\t<meta name=\"twitter:data1\" content=\"2 minutos\" \/>\n<script type=\"application\/ld+json\" class=\"yoast-schema-graph\">{\"@context\":\"https:\\\/\\\/schema.org\",\"@graph\":[{\"@type\":\"WebPage\",\"@id\":\"https:\\\/\\\/tilosamericas.com\\\/es\\\/support-spanish\\\/\",\"url\":\"https:\\\/\\\/tilosamericas.com\\\/es\\\/support-spanish\\\/\",\"name\":\"Support - spanish - Tilos Americas\",\"isPartOf\":{\"@id\":\"https:\\\/\\\/tilosamericas.com\\\/#website\"},\"datePublished\":\"2016-12-20T21:02:34+00:00\",\"dateModified\":\"2016-12-22T02:17:29+00:00\",\"breadcrumb\":{\"@id\":\"https:\\\/\\\/tilosamericas.com\\\/es\\\/support-spanish\\\/#breadcrumb\"},\"inLanguage\":\"es\",\"potentialAction\":[{\"@type\":\"ReadAction\",\"target\":[\"https:\\\/\\\/tilosamericas.com\\\/es\\\/support-spanish\\\/\"]}]},{\"@type\":\"BreadcrumbList\",\"@id\":\"https:\\\/\\\/tilosamericas.com\\\/es\\\/support-spanish\\\/#breadcrumb\",\"itemListElement\":[{\"@type\":\"ListItem\",\"position\":1,\"name\":\"Home\",\"item\":\"https:\\\/\\\/tilosamericas.com\\\/es\\\/\"},{\"@type\":\"ListItem\",\"position\":2,\"name\":\"Support &#8211; spanish\"}]},{\"@type\":\"WebSite\",\"@id\":\"https:\\\/\\\/tilosamericas.com\\\/#website\",\"url\":\"https:\\\/\\\/tilosamericas.com\\\/\",\"name\":\"Tilos Americas\",\"description\":\"Proven Experience. You Project Deserves.\",\"potentialAction\":[{\"@type\":\"SearchAction\",\"target\":{\"@type\":\"EntryPoint\",\"urlTemplate\":\"https:\\\/\\\/tilosamericas.com\\\/?s={search_term_string}\"},\"query-input\":{\"@type\":\"PropertyValueSpecification\",\"valueRequired\":true,\"valueName\":\"search_term_string\"}}],\"inLanguage\":\"es\"}]}<\/script>\n<!-- \/ Yoast SEO plugin. -->","yoast_head_json":{"title":"Support - spanish - Tilos Americas","robots":{"index":"index","follow":"follow","max-snippet":"max-snippet:-1","max-image-preview":"max-image-preview:large","max-video-preview":"max-video-preview:-1"},"canonical":"https:\/\/tilosamericas.com\/es\/support-spanish\/","og_locale":"es_ES","og_type":"article","og_title":"Support - spanish - Tilos Americas","og_url":"https:\/\/tilosamericas.com\/es\/support-spanish\/","og_site_name":"Tilos Americas","article_modified_time":"2016-12-22T02:17:29+00:00","twitter_card":"summary_large_image","twitter_misc":{"Tiempo de lectura":"2 minutos"},"schema":{"@context":"https:\/\/schema.org","@graph":[{"@type":"WebPage","@id":"https:\/\/tilosamericas.com\/es\/support-spanish\/","url":"https:\/\/tilosamericas.com\/es\/support-spanish\/","name":"Support - spanish - Tilos Americas","isPartOf":{"@id":"https:\/\/tilosamericas.com\/#website"},"datePublished":"2016-12-20T21:02:34+00:00","dateModified":"2016-12-22T02:17:29+00:00","breadcrumb":{"@id":"https:\/\/tilosamericas.com\/es\/support-spanish\/#breadcrumb"},"inLanguage":"es","potentialAction":[{"@type":"ReadAction","target":["https:\/\/tilosamericas.com\/es\/support-spanish\/"]}]},{"@type":"BreadcrumbList","@id":"https:\/\/tilosamericas.com\/es\/support-spanish\/#breadcrumb","itemListElement":[{"@type":"ListItem","position":1,"name":"Home","item":"https:\/\/tilosamericas.com\/es\/"},{"@type":"ListItem","position":2,"name":"Support &#8211; spanish"}]},{"@type":"WebSite","@id":"https:\/\/tilosamericas.com\/#website","url":"https:\/\/tilosamericas.com\/","name":"Tilos Americas","description":"Proven Experience. You Project Deserves.","potentialAction":[{"@type":"SearchAction","target":{"@type":"EntryPoint","urlTemplate":"https:\/\/tilosamericas.com\/?s={search_term_string}"},"query-input":{"@type":"PropertyValueSpecification","valueRequired":true,"valueName":"search_term_string"}}],"inLanguage":"es"}]}},"_links":{"self":[{"href":"https:\/\/tilosamericas.com\/es\/wp-json\/wp\/v2\/pages\/3052","targetHints":{"allow":["GET"]}}],"collection":[{"href":"https:\/\/tilosamericas.com\/es\/wp-json\/wp\/v2\/pages"}],"about":[{"href":"https:\/\/tilosamericas.com\/es\/wp-json\/wp\/v2\/types\/page"}],"author":[{"embeddable":true,"href":"https:\/\/tilosamericas.com\/es\/wp-json\/wp\/v2\/users\/3"}],"replies":[{"embeddable":true,"href":"https:\/\/tilosamericas.com\/es\/wp-json\/wp\/v2\/comments?post=3052"}],"version-history":[{"count":0,"href":"https:\/\/tilosamericas.com\/es\/wp-json\/wp\/v2\/pages\/3052\/revisions"}],"wp:attachment":[{"href":"https:\/\/tilosamericas.com\/es\/wp-json\/wp\/v2\/media?parent=3052"}],"curies":[{"name":"wp","href":"https:\/\/api.w.org\/{rel}","templated":true}]}}