{"id":3178,"date":"2016-12-21T21:46:21","date_gmt":"2016-12-21T21:46:21","guid":{"rendered":"https:\/\/tilosamericas.com\/?page_id=3178\/"},"modified":"2016-12-21T22:40:25","modified_gmt":"2016-12-21T22:40:25","slug":"free-report","status":"publish","type":"page","link":"https:\/\/tilosamericas.com\/es\/free-report\/","title":{"rendered":"Free Report"},"content":{"rendered":"<h1 class=\"AW-Form-466685918\">\u00bfINVESTIGAR OPCIONES DE PROGRAMA LINEALES?<\/h1>\n<div class=\"AW-Form-466685918\">\u00a1Ah\u00f3rrate horas de investigaci\u00f3n!<\/div>\n<div class=\"AW-Form-466685918\">Obtenga gratis un Informe de comparaci\u00f3n de Primavera, MS Project, Excel, tilos y muchos, muchos m\u00e1s.<\/div>\n<div class=\"AW-Form-466685918\">Descargar ahora<\/div>\n<p><script type=\"text\/javascript\">(function(d, s, id) {\n    var js, fjs = d.getElementsByTagName(s)[0];\n    if (d.getElementById(id)) return;\n    js = d.createElement(s); js.id = id;\n    js.src = \"\/\/forms.aweber.com\/form\/18\/466685918.js\";\n    fjs.parentNode.insertBefore(js, fjs);\n    }(document, \"script\", \"aweber-wjs-8tvh7t5pw\"));\n<\/script><\/p>\n","protected":false},"excerpt":{"rendered":"<p>\u00bfINVESTIGAR OPCIONES DE PROGRAMA LINEALES? \u00a1Ah\u00f3rrate horas de investigaci\u00f3n! Obtenga gratis un Informe de comparaci\u00f3n de Primavera, MS Project, Excel, tilos y muchos, muchos m\u00e1s. Descargar ahora<\/p>\n","protected":false},"author":3,"featured_media":0,"parent":0,"menu_order":0,"comment_status":"closed","ping_status":"closed","template":"","meta":{"footnotes":""},"class_list":["post-3178","page","type-page","status-publish","hentry"],"yoast_head":"<!-- This site is optimized with the Yoast SEO plugin v27.3 - https:\/\/yoast.com\/product\/yoast-seo-wordpress\/ -->\n<title>Free Report - Tilos Americas<\/title>\n<meta name=\"robots\" content=\"index, follow, max-snippet:-1, max-image-preview:large, max-video-preview:-1\" \/>\n<link rel=\"canonical\" href=\"https:\/\/tilosamericas.com\/es\/free-report\/\" \/>\n<meta property=\"og:locale\" content=\"es_ES\" \/>\n<meta property=\"og:type\" content=\"article\" \/>\n<meta property=\"og:title\" content=\"Free Report - Tilos Americas\" \/>\n<meta property=\"og:description\" content=\"\u00bfINVESTIGAR OPCIONES DE PROGRAMA LINEALES? \u00a1Ah\u00f3rrate horas de investigaci\u00f3n! Obtenga gratis un Informe de comparaci\u00f3n de Primavera, MS Project, Excel, tilos y muchos, muchos m\u00e1s. Descargar ahora\" \/>\n<meta property=\"og:url\" content=\"https:\/\/tilosamericas.com\/es\/free-report\/\" \/>\n<meta property=\"og:site_name\" content=\"Tilos Americas\" \/>\n<meta property=\"article:modified_time\" content=\"2016-12-21T22:40:25+00:00\" \/>\n<meta name=\"twitter:card\" content=\"summary_large_image\" \/>\n<script type=\"application\/ld+json\" class=\"yoast-schema-graph\">{\"@context\":\"https:\\\/\\\/schema.org\",\"@graph\":[{\"@type\":\"WebPage\",\"@id\":\"https:\\\/\\\/tilosamericas.com\\\/es\\\/free-report\\\/\",\"url\":\"https:\\\/\\\/tilosamericas.com\\\/es\\\/free-report\\\/\",\"name\":\"Free Report - Tilos Americas\",\"isPartOf\":{\"@id\":\"https:\\\/\\\/tilosamericas.com\\\/#website\"},\"datePublished\":\"2016-12-21T21:46:21+00:00\",\"dateModified\":\"2016-12-21T22:40:25+00:00\",\"breadcrumb\":{\"@id\":\"https:\\\/\\\/tilosamericas.com\\\/es\\\/free-report\\\/#breadcrumb\"},\"inLanguage\":\"es\",\"potentialAction\":[{\"@type\":\"ReadAction\",\"target\":[\"https:\\\/\\\/tilosamericas.com\\\/es\\\/free-report\\\/\"]}]},{\"@type\":\"BreadcrumbList\",\"@id\":\"https:\\\/\\\/tilosamericas.com\\\/es\\\/free-report\\\/#breadcrumb\",\"itemListElement\":[{\"@type\":\"ListItem\",\"position\":1,\"name\":\"Home\",\"item\":\"https:\\\/\\\/tilosamericas.com\\\/es\\\/\"},{\"@type\":\"ListItem\",\"position\":2,\"name\":\"Free Report\"}]},{\"@type\":\"WebSite\",\"@id\":\"https:\\\/\\\/tilosamericas.com\\\/#website\",\"url\":\"https:\\\/\\\/tilosamericas.com\\\/\",\"name\":\"Tilos Americas\",\"description\":\"Proven Experience. You Project Deserves.\",\"potentialAction\":[{\"@type\":\"SearchAction\",\"target\":{\"@type\":\"EntryPoint\",\"urlTemplate\":\"https:\\\/\\\/tilosamericas.com\\\/?s={search_term_string}\"},\"query-input\":{\"@type\":\"PropertyValueSpecification\",\"valueRequired\":true,\"valueName\":\"search_term_string\"}}],\"inLanguage\":\"es\"}]}<\/script>\n<!-- \/ Yoast SEO plugin. -->","yoast_head_json":{"title":"Free Report - Tilos Americas","robots":{"index":"index","follow":"follow","max-snippet":"max-snippet:-1","max-image-preview":"max-image-preview:large","max-video-preview":"max-video-preview:-1"},"canonical":"https:\/\/tilosamericas.com\/es\/free-report\/","og_locale":"es_ES","og_type":"article","og_title":"Free Report - Tilos Americas","og_description":"\u00bfINVESTIGAR OPCIONES DE PROGRAMA LINEALES? \u00a1Ah\u00f3rrate horas de investigaci\u00f3n! Obtenga gratis un Informe de comparaci\u00f3n de Primavera, MS Project, Excel, tilos y muchos, muchos m\u00e1s. Descargar ahora","og_url":"https:\/\/tilosamericas.com\/es\/free-report\/","og_site_name":"Tilos Americas","article_modified_time":"2016-12-21T22:40:25+00:00","twitter_card":"summary_large_image","schema":{"@context":"https:\/\/schema.org","@graph":[{"@type":"WebPage","@id":"https:\/\/tilosamericas.com\/es\/free-report\/","url":"https:\/\/tilosamericas.com\/es\/free-report\/","name":"Free Report - Tilos Americas","isPartOf":{"@id":"https:\/\/tilosamericas.com\/#website"},"datePublished":"2016-12-21T21:46:21+00:00","dateModified":"2016-12-21T22:40:25+00:00","breadcrumb":{"@id":"https:\/\/tilosamericas.com\/es\/free-report\/#breadcrumb"},"inLanguage":"es","potentialAction":[{"@type":"ReadAction","target":["https:\/\/tilosamericas.com\/es\/free-report\/"]}]},{"@type":"BreadcrumbList","@id":"https:\/\/tilosamericas.com\/es\/free-report\/#breadcrumb","itemListElement":[{"@type":"ListItem","position":1,"name":"Home","item":"https:\/\/tilosamericas.com\/es\/"},{"@type":"ListItem","position":2,"name":"Free Report"}]},{"@type":"WebSite","@id":"https:\/\/tilosamericas.com\/#website","url":"https:\/\/tilosamericas.com\/","name":"Tilos Americas","description":"Proven Experience. You Project Deserves.","potentialAction":[{"@type":"SearchAction","target":{"@type":"EntryPoint","urlTemplate":"https:\/\/tilosamericas.com\/?s={search_term_string}"},"query-input":{"@type":"PropertyValueSpecification","valueRequired":true,"valueName":"search_term_string"}}],"inLanguage":"es"}]}},"_links":{"self":[{"href":"https:\/\/tilosamericas.com\/es\/wp-json\/wp\/v2\/pages\/3178","targetHints":{"allow":["GET"]}}],"collection":[{"href":"https:\/\/tilosamericas.com\/es\/wp-json\/wp\/v2\/pages"}],"about":[{"href":"https:\/\/tilosamericas.com\/es\/wp-json\/wp\/v2\/types\/page"}],"author":[{"embeddable":true,"href":"https:\/\/tilosamericas.com\/es\/wp-json\/wp\/v2\/users\/3"}],"replies":[{"embeddable":true,"href":"https:\/\/tilosamericas.com\/es\/wp-json\/wp\/v2\/comments?post=3178"}],"version-history":[{"count":0,"href":"https:\/\/tilosamericas.com\/es\/wp-json\/wp\/v2\/pages\/3178\/revisions"}],"wp:attachment":[{"href":"https:\/\/tilosamericas.com\/es\/wp-json\/wp\/v2\/media?parent=3178"}],"curies":[{"name":"wp","href":"https:\/\/api.w.org\/{rel}","templated":true}]}}