{"id":3618,"date":"2017-01-06T19:36:26","date_gmt":"2017-01-06T19:36:26","guid":{"rendered":"https:\/\/tilosamericas.com\/?page_id=3618\/"},"modified":"2017-01-06T19:36:26","modified_gmt":"2017-01-06T19:36:26","slug":"bottom-page-template","status":"publish","type":"page","link":"https:\/\/tilosamericas.com\/es\/bottom-page-template\/","title":{"rendered":"BOTTOM OF PAGE TEMPLATE"},"content":{"rendered":"<section  class='av_textblock_section av-av_textblock-0366cc7376be6c9e82a3e9cc8987b64f '   itemscope=\"itemscope\" itemtype=\"https:\/\/schema.org\/CreativeWork\" ><div class='avia_textblock'  itemprop=\"text\" ><p>Usted tambi\u00e9n podr\u00eda estar interesado en:<\/p>\n<\/div><\/section>\n\n<style type=\"text\/css\" data-created_by=\"avia_inline_auto\" id=\"style-css-av-av_one_third-6126cab7d8fab8d08143dd2dacdf673c\">\n.flex_column.av-av_one_third-6126cab7d8fab8d08143dd2dacdf673c{\nborder-radius:0px 0px 0px 0px;\npadding:0px 0px 0px 0px;\n}\n<\/style>\n<div  class='flex_column av-av_one_third-6126cab7d8fab8d08143dd2dacdf673c av_one_third  avia-builder-el-1  el_after_av_textblock  el_before_av_one_third  first flex_column_div av-zero-column-padding  column-top-margin'     ><section  class='av_textblock_section av-av_textblock-0366cc7376be6c9e82a3e9cc8987b64f '   itemscope=\"itemscope\" itemtype=\"https:\/\/schema.org\/CreativeWork\" ><div class='avia_textblock'  itemprop=\"text\" ><h3><strong>Aprender m\u00e1s acerca de TILOS<\/strong><\/h3>\n<p><a href=\"https:\/\/tilosamericas.com\/es\/about\/\"><span style=\"font-weight: 400;\">creado en Alemania en 1999, TILOS complejo \u00a0<\/span><span style=\"font-weight: 400;\">Programa \u00a0de gesti\u00f3n de proyectos<\/span><span style=\"font-weight: 400;\"> se ha utilizado para planificar proyectos de infraestructura lineal en todo el mundo.<\/span><\/a><\/p>\n<\/div><\/section><\/div>\n\n<style type=\"text\/css\" data-created_by=\"avia_inline_auto\" id=\"style-css-av-av_one_third-0aa7055fe62c3622faec82866afbaeb2\">\n.flex_column.av-av_one_third-0aa7055fe62c3622faec82866afbaeb2{\nborder-radius:0px 0px 0px 0px;\npadding:0px 0px 0px 0px;\n}\n<\/style>\n<div  class='flex_column av-av_one_third-0aa7055fe62c3622faec82866afbaeb2 av_one_third  avia-builder-el-3  el_after_av_one_third  el_before_av_one_third  flex_column_div av-zero-column-padding  column-top-margin'     ><section  class='av_textblock_section av-av_textblock-0366cc7376be6c9e82a3e9cc8987b64f '   itemscope=\"itemscope\" itemtype=\"https:\/\/schema.org\/CreativeWork\" ><div class='avia_textblock'  itemprop=\"text\" ><h3>Ver los ejemplos de<a href=\"https:\/\/tilosamericas.com\/es\/category\/case-studies-spanish\/\">\u00a0programaciones de proyectos lineales\u00a0<\/a>proyectos lineales<\/h3>\n<p><span style=\"font-weight: 400;\">Aprenda m\u00e1s acerca de las <\/span><a href=\"https:\/\/tilosamericas.com\/es\/advantages-of-lsm\/\"><span style=\"font-weight: 400;\">ventajas del m\u00e9todo de programaci\u00f3n lineal<\/span><\/a><\/p>\n<\/div><\/section><\/div>\n\n<style type=\"text\/css\" data-created_by=\"avia_inline_auto\" id=\"style-css-av-av_one_third-0aa7055fe62c3622faec82866afbaeb2\">\n.flex_column.av-av_one_third-0aa7055fe62c3622faec82866afbaeb2{\nborder-radius:0px 0px 0px 0px;\npadding:0px 0px 0px 0px;\n}\n<\/style>\n<div  class='flex_column av-av_one_third-0aa7055fe62c3622faec82866afbaeb2 av_one_third  avia-builder-el-5  el_after_av_one_third  el_before_av_one_third  flex_column_div av-zero-column-padding  column-top-margin'     ><section  class='av_textblock_section av-av_textblock-0366cc7376be6c9e82a3e9cc8987b64f '   itemscope=\"itemscope\" itemtype=\"https:\/\/schema.org\/CreativeWork\" ><div class='avia_textblock'  itemprop=\"text\" ><h3><\/h3>\n<h3><strong>\u00bfQu\u00e9 necesito para utilizar TILOS?<\/strong><\/h3>\n<p><a href=\"https:\/\/tilosamericas.com\/es\/tech-specs\/\"><span style=\"font-weight: 400;\">Lea acerca de <\/span><span style=\"font-weight: 400;\">TILOS especificaciones y requisitos t\u00e9cnicos<\/span><\/a><\/p>\n<\/div><\/section><\/div>\n\n<style type=\"text\/css\" data-created_by=\"avia_inline_auto\" id=\"style-css-av-av_one_third-6126cab7d8fab8d08143dd2dacdf673c\">\n.flex_column.av-av_one_third-6126cab7d8fab8d08143dd2dacdf673c{\nborder-radius:0px 0px 0px 0px;\npadding:0px 0px 0px 0px;\n}\n<\/style>\n<div  class='flex_column av-av_one_third-6126cab7d8fab8d08143dd2dacdf673c av_one_third  avia-builder-el-7  el_after_av_one_third  el_before_av_one_third  first flex_column_div av-zero-column-padding  column-top-margin'     ><section  class='av_textblock_section av-av_textblock-0366cc7376be6c9e82a3e9cc8987b64f '   itemscope=\"itemscope\" itemtype=\"https:\/\/schema.org\/CreativeWork\" ><div class='avia_textblock'  itemprop=\"text\" ><h3><strong>Como trabaja TRIMBLE TILOS <\/strong><\/h3>\n<p><a href=\"https:\/\/tilosamericas.com\/es\/linear-scheduling-method\/\"><span style=\"font-weight: 400;\">Aprender acerca del m\u00e9todo de programaci\u00f3n lineal<\/span><\/a><\/p>\n<\/div><\/section><\/div>\n\n<style type=\"text\/css\" data-created_by=\"avia_inline_auto\" id=\"style-css-av-av_one_third-0aa7055fe62c3622faec82866afbaeb2\">\n.flex_column.av-av_one_third-0aa7055fe62c3622faec82866afbaeb2{\nborder-radius:0px 0px 0px 0px;\npadding:0px 0px 0px 0px;\n}\n<\/style>\n<div  class='flex_column av-av_one_third-0aa7055fe62c3622faec82866afbaeb2 av_one_third  avia-builder-el-9  el_after_av_one_third  el_before_av_one_third  flex_column_div av-zero-column-padding  column-top-margin'     ><section  class='av_textblock_section av-av_textblock-0366cc7376be6c9e82a3e9cc8987b64f '   itemscope=\"itemscope\" itemtype=\"https:\/\/schema.org\/CreativeWork\" ><div class='avia_textblock'  itemprop=\"text\" ><h3><b>TILOS:<\/b><\/h3>\n<h3><\/h3>\n<p><b><\/b><a href=\"https:\/\/tilosamericas.com\/es\/version-de-prueba-de-tilos\/\"><strong>solicitar una licencia de prueba del programa de programaci\u00f3n lineal de Tilos<\/strong><\/a><\/p>\n<\/div><\/section><\/div>\n\n<style type=\"text\/css\" data-created_by=\"avia_inline_auto\" id=\"style-css-av-av_one_third-0aa7055fe62c3622faec82866afbaeb2\">\n.flex_column.av-av_one_third-0aa7055fe62c3622faec82866afbaeb2{\nborder-radius:0px 0px 0px 0px;\npadding:0px 0px 0px 0px;\n}\n<\/style>\n<div  class='flex_column av-av_one_third-0aa7055fe62c3622faec82866afbaeb2 av_one_third  avia-builder-el-11  el_after_av_one_third  avia-builder-el-last  flex_column_div av-zero-column-padding  column-top-margin'     ><section  class='av_textblock_section av-av_textblock-0366cc7376be6c9e82a3e9cc8987b64f '   itemscope=\"itemscope\" itemtype=\"https:\/\/schema.org\/CreativeWork\" ><div class='avia_textblock'  itemprop=\"text\" ><h3>Localizar un distribuidor<\/h3>\n<p><a href=\"https:\/\/tilosamericas.com\/es\/locate-dealer-spanish\/\"><b><span style=\"font-weight: 400;\">Encontrar un proveedor de Tilos \u00a0Trimble<\/span><\/b><\/a><\/p>\n<\/div><\/section><\/div>\n","protected":false},"excerpt":{"rendered":"","protected":false},"author":3,"featured_media":0,"parent":0,"menu_order":0,"comment_status":"closed","ping_status":"closed","template":"","meta":{"footnotes":""},"class_list":["post-3618","page","type-page","status-publish","hentry"],"yoast_head":"<!-- This site is optimized with the Yoast SEO plugin v27.3 - https:\/\/yoast.com\/product\/yoast-seo-wordpress\/ -->\n<title>TILOS Programa de programaci\u00f3n lineal aumenta la productivida<\/title>\n<meta name=\"description\" content=\"4 de 5 l\u00edderes mundiales en construcci\u00f3n de infraestructura prefieren TILOS Programa de programaci\u00f3n lineal. TILOS aumenta considerablemente la productivida\" \/>\n<meta name=\"robots\" content=\"index, follow, max-snippet:-1, max-image-preview:large, max-video-preview:-1\" \/>\n<link rel=\"canonical\" href=\"https:\/\/tilosamericas.com\/es\/bottom-page-template\/\" \/>\n<meta property=\"og:locale\" content=\"es_ES\" \/>\n<meta property=\"og:type\" content=\"article\" \/>\n<meta property=\"og:title\" content=\"TILOS Programa de programaci\u00f3n lineal aumenta la productivida\" \/>\n<meta property=\"og:description\" content=\"4 de 5 l\u00edderes mundiales en construcci\u00f3n de infraestructura prefieren TILOS Programa de programaci\u00f3n lineal. TILOS aumenta considerablemente la productivida\" \/>\n<meta property=\"og:url\" content=\"https:\/\/tilosamericas.com\/es\/bottom-page-template\/\" \/>\n<meta property=\"og:site_name\" content=\"Tilos Americas\" \/>\n<meta name=\"twitter:card\" content=\"summary_large_image\" \/>\n<meta name=\"twitter:label1\" content=\"Tiempo de lectura\" \/>\n\t<meta name=\"twitter:data1\" content=\"2 minutos\" \/>\n<script type=\"application\/ld+json\" class=\"yoast-schema-graph\">{\"@context\":\"https:\\\/\\\/schema.org\",\"@graph\":[{\"@type\":\"WebPage\",\"@id\":\"https:\\\/\\\/tilosamericas.com\\\/es\\\/bottom-page-template\\\/\",\"url\":\"https:\\\/\\\/tilosamericas.com\\\/es\\\/bottom-page-template\\\/\",\"name\":\"TILOS Programa de programaci\u00f3n lineal aumenta la productivida\",\"isPartOf\":{\"@id\":\"https:\\\/\\\/tilosamericas.com\\\/#website\"},\"datePublished\":\"2017-01-06T19:36:26+00:00\",\"description\":\"4 de 5 l\u00edderes mundiales en construcci\u00f3n de infraestructura prefieren TILOS Programa de programaci\u00f3n lineal. TILOS aumenta considerablemente la productivida\",\"breadcrumb\":{\"@id\":\"https:\\\/\\\/tilosamericas.com\\\/es\\\/bottom-page-template\\\/#breadcrumb\"},\"inLanguage\":\"es\",\"potentialAction\":[{\"@type\":\"ReadAction\",\"target\":[\"https:\\\/\\\/tilosamericas.com\\\/es\\\/bottom-page-template\\\/\"]}]},{\"@type\":\"BreadcrumbList\",\"@id\":\"https:\\\/\\\/tilosamericas.com\\\/es\\\/bottom-page-template\\\/#breadcrumb\",\"itemListElement\":[{\"@type\":\"ListItem\",\"position\":1,\"name\":\"Home\",\"item\":\"https:\\\/\\\/tilosamericas.com\\\/es\\\/\"},{\"@type\":\"ListItem\",\"position\":2,\"name\":\"BOTTOM OF PAGE TEMPLATE\"}]},{\"@type\":\"WebSite\",\"@id\":\"https:\\\/\\\/tilosamericas.com\\\/#website\",\"url\":\"https:\\\/\\\/tilosamericas.com\\\/\",\"name\":\"Tilos Americas\",\"description\":\"Proven Experience. You Project Deserves.\",\"potentialAction\":[{\"@type\":\"SearchAction\",\"target\":{\"@type\":\"EntryPoint\",\"urlTemplate\":\"https:\\\/\\\/tilosamericas.com\\\/?s={search_term_string}\"},\"query-input\":{\"@type\":\"PropertyValueSpecification\",\"valueRequired\":true,\"valueName\":\"search_term_string\"}}],\"inLanguage\":\"es\"}]}<\/script>\n<!-- \/ Yoast SEO plugin. -->","yoast_head_json":{"title":"TILOS Programa de programaci\u00f3n lineal aumenta la productivida","description":"4 de 5 l\u00edderes mundiales en construcci\u00f3n de infraestructura prefieren TILOS Programa de programaci\u00f3n lineal. TILOS aumenta considerablemente la productivida","robots":{"index":"index","follow":"follow","max-snippet":"max-snippet:-1","max-image-preview":"max-image-preview:large","max-video-preview":"max-video-preview:-1"},"canonical":"https:\/\/tilosamericas.com\/es\/bottom-page-template\/","og_locale":"es_ES","og_type":"article","og_title":"TILOS Programa de programaci\u00f3n lineal aumenta la productivida","og_description":"4 de 5 l\u00edderes mundiales en construcci\u00f3n de infraestructura prefieren TILOS Programa de programaci\u00f3n lineal. TILOS aumenta considerablemente la productivida","og_url":"https:\/\/tilosamericas.com\/es\/bottom-page-template\/","og_site_name":"Tilos Americas","twitter_card":"summary_large_image","twitter_misc":{"Tiempo de lectura":"2 minutos"},"schema":{"@context":"https:\/\/schema.org","@graph":[{"@type":"WebPage","@id":"https:\/\/tilosamericas.com\/es\/bottom-page-template\/","url":"https:\/\/tilosamericas.com\/es\/bottom-page-template\/","name":"TILOS Programa de programaci\u00f3n lineal aumenta la productivida","isPartOf":{"@id":"https:\/\/tilosamericas.com\/#website"},"datePublished":"2017-01-06T19:36:26+00:00","description":"4 de 5 l\u00edderes mundiales en construcci\u00f3n de infraestructura prefieren TILOS Programa de programaci\u00f3n lineal. TILOS aumenta considerablemente la productivida","breadcrumb":{"@id":"https:\/\/tilosamericas.com\/es\/bottom-page-template\/#breadcrumb"},"inLanguage":"es","potentialAction":[{"@type":"ReadAction","target":["https:\/\/tilosamericas.com\/es\/bottom-page-template\/"]}]},{"@type":"BreadcrumbList","@id":"https:\/\/tilosamericas.com\/es\/bottom-page-template\/#breadcrumb","itemListElement":[{"@type":"ListItem","position":1,"name":"Home","item":"https:\/\/tilosamericas.com\/es\/"},{"@type":"ListItem","position":2,"name":"BOTTOM OF PAGE TEMPLATE"}]},{"@type":"WebSite","@id":"https:\/\/tilosamericas.com\/#website","url":"https:\/\/tilosamericas.com\/","name":"Tilos Americas","description":"Proven Experience. You Project Deserves.","potentialAction":[{"@type":"SearchAction","target":{"@type":"EntryPoint","urlTemplate":"https:\/\/tilosamericas.com\/?s={search_term_string}"},"query-input":{"@type":"PropertyValueSpecification","valueRequired":true,"valueName":"search_term_string"}}],"inLanguage":"es"}]}},"_links":{"self":[{"href":"https:\/\/tilosamericas.com\/es\/wp-json\/wp\/v2\/pages\/3618","targetHints":{"allow":["GET"]}}],"collection":[{"href":"https:\/\/tilosamericas.com\/es\/wp-json\/wp\/v2\/pages"}],"about":[{"href":"https:\/\/tilosamericas.com\/es\/wp-json\/wp\/v2\/types\/page"}],"author":[{"embeddable":true,"href":"https:\/\/tilosamericas.com\/es\/wp-json\/wp\/v2\/users\/3"}],"replies":[{"embeddable":true,"href":"https:\/\/tilosamericas.com\/es\/wp-json\/wp\/v2\/comments?post=3618"}],"version-history":[{"count":0,"href":"https:\/\/tilosamericas.com\/es\/wp-json\/wp\/v2\/pages\/3618\/revisions"}],"wp:attachment":[{"href":"https:\/\/tilosamericas.com\/es\/wp-json\/wp\/v2\/media?parent=3618"}],"curies":[{"name":"wp","href":"https:\/\/api.w.org\/{rel}","templated":true}]}}